{"id":15186,"date":"2024-04-11T11:41:01","date_gmt":"2024-04-11T09:41:01","guid":{"rendered":"https:\/\/grupoazvinews.com\/noticias-empresas\/"},"modified":"2024-08-30T08:46:25","modified_gmt":"2024-08-30T07:46:25","slug":"companynews","status":"publish","type":"page","link":"https:\/\/grupoazvinews.com\/en\/companynews\/","title":{"rendered":"#CompanyNews"},"content":{"rendered":"<p>[vc_row full_width=&#8221;stretch_row&#8221; gap=&#8221;35&#8243; content_placement=&#8221;middle&#8221; parallax=&#8221;enable_parallax&#8221; bg_position=&#8221;center center&#8221; bg_attachment=&#8221;fixed&#8221; enable_overlay=&#8221;yes&#8221; enable_loading_bg=&#8221;yes&#8221; css=&#8221;.vc_custom_1713440375325{padding-top: 175px !important;padding-bottom: 175px !important;background-image: url(https:\/\/grupoazvinews.com\/wp-content\/uploads\/2024\/04\/Actualidad-empresasb.jpg?id=11671) !important;background-position: center;background-repeat: no-repeat !important;background-size: cover !important;}&#8221; responsive_css=&#8221;padding_right_large:4em|padding_left_large:4em&#8221; el_id=&#8221;somos&#8221; overlay_bg=&#8221;rgba(0, 57, 105, 0.3)&#8221;][vc_column enable_content_animation=&#8221;yes&#8221; ca_init_scale_x=&#8221;1&#8243; ca_init_scale_y=&#8221;1&#8243; ca_init_opacity=&#8221;0&#8243; ca_an_scale_x=&#8221;1&#8243; ca_an_scale_y=&#8221;1&#8243; ca_an_opacity=&#8221;1&#8243; ca_duration=&#8221;1600&#8243; ca_start_delay=&#8221;600&#8243; ca_delay=&#8221;160&#8243; ca_init_translate_y=&#8221;50&#8243;]<style>.ld_fancy_heading_69e7d2db36431 h2{color:rgb(255, 255, 255);}.ld_fancy_heading_69e7d2db36431 h2 {font-size:15vw; } @media (min-width: 768px) { .ld_fancy_heading_69e7d2db36431 h2 {font-size:70px; }  } @media (min-width: 992px) { .ld_fancy_heading_69e7d2db36431 h2 {font-size:120px; }  } @media (min-width: 1200px) { .ld_fancy_heading_69e7d2db36431 h2 {font-size:120px; }  } .ld_fancy_heading_69e7d2db36431 h2 {line-height:0.35em; } .ld_fancy_heading_69e7d2db36431 h2 {--element-line-height:0.35em; } .ld_fancy_heading_69e7d2db36431 h2 {letter-spacing:-0.04em; } .ld_fancy_heading_69e7d2db36431 h2 {margin-bottom:0px !important;  } .ld_fancy_heading_69e7d2db36431 .lqd-highlight-inner{height:0.275em!important;bottom:0px!important;}.ld_fancy_heading_69e7d2db36431 h2 {font-size:15vw; } @media (min-width: 768px) { .ld_fancy_heading_69e7d2db36431 h2 {font-size:70px; }  } @media (min-width: 992px) { .ld_fancy_heading_69e7d2db36431 h2 {font-size:120px; }  } @media (min-width: 1200px) { .ld_fancy_heading_69e7d2db36431 h2 {font-size:120px; }  } .ld_fancy_heading_69e7d2db36431 h2 {line-height:0.35em; } .ld_fancy_heading_69e7d2db36431 h2 {--element-line-height:0.35em; } .ld_fancy_heading_69e7d2db36431 h2 {letter-spacing:-0.04em; } .ld_fancy_heading_69e7d2db36431 h2 {margin-bottom:0px !important;  } <\/style><div class=\"ld-fancy-heading ld_fancy_heading_69e7d2db36431\">\n\t<h2 class=\"ld-fh-element lqd-highlight-underline lqd-highlight-grow-left text-decoration-default\"   >  Company news<\/h2><\/div>[\/vc_column][\/vc_row][vc_row content_placement=&#8221;middle&#8221; disable_element=&#8221;yes&#8221; css=&#8221;.vc_custom_1712751442368{padding-top: 65px !important;padding-bottom: 30px !important;}&#8221; responsive_css=&#8221;padding_top_medium:100px|padding_bottom_medium:30px|padding_top_small:65px|padding_bottom_small:30px&#8221;][vc_column enable_content_animation=&#8221;yes&#8221; ca_init_scale_x=&#8221;1&#8243; ca_init_scale_y=&#8221;1&#8243; ca_init_opacity=&#8221;0&#8243; ca_an_scale_x=&#8221;1&#8243; ca_an_scale_y=&#8221;1&#8243; ca_an_opacity=&#8221;1&#8243; align=&#8221;text-center&#8221; offset=&#8221;vc_col-md-offset-3 vc_col-md-6&#8243; css=&#8221;.vc_custom_1605624154640{margin-bottom: 40px !important;}&#8221; ca_duration=&#8221;1800&#8243; ca_delay=&#8221;180&#8243; ca_init_translate_y=&#8221;35&#8243; responsive_align=&#8221;text-center&#8221; responsive_css=&#8221;margin_bottom_medium:60px&#8221;]<style>.ld_fancy_heading_69e7d2db36a57 h2{color:rgb(0, 57, 105);}.ld_fancy_heading_69e7d2db36a57 h2 {margin-top:40px !important; margin-bottom:20px !important;  } @media (min-width: 768px) { .ld_fancy_heading_69e7d2db36a57 h2 {margin-top:40px !important; margin-bottom:20px !important;  }  } @media (min-width: 992px) { .ld_fancy_heading_69e7d2db36a57 h2 {margin-top:0px !important; margin-bottom:20px !important;  }  } .ld_fancy_heading_69e7d2db36a57 .lqd-highlight-inner{height:0.275em!important;bottom:0px!important;}.ld_fancy_heading_69e7d2db36a57 h2 {margin-top:40px !important; margin-bottom:20px !important;  } @media (min-width: 768px) { .ld_fancy_heading_69e7d2db36a57 h2 {margin-top:40px !important; margin-bottom:20px !important;  }  } @media (min-width: 992px) { .ld_fancy_heading_69e7d2db36a57 h2 {margin-top:0px !important; margin-bottom:20px !important;  }  } <\/style><div class=\"ld-fancy-heading ld_fancy_heading_69e7d2db36a57\">\n\t<h2 class=\"ld-fh-element lqd-highlight-underline lqd-highlight-grow-left text-decoration-default\"   >  Noticias destacadas<\/h2><\/div><style>.ld_fancy_heading_69e7d2db36ded .lqd-highlight-inner{height:0.275em!important;bottom:0px!important;}<\/style><div class=\"ld-fancy-heading ld_fancy_heading_69e7d2db36ded\">\n\t<p class=\"ld-fh-element lqd-highlight-underline lqd-highlight-grow-left text-decoration-default\"   >  Lorem ipsum dolor sit amet, consectetur adipiscing elit, sed do eiusmod tempor incididunt ut labore et dolore magna aliqua.<\/p><\/div>[\/vc_column][\/vc_row][vc_row css=&#8221;.vc_custom_1711447145171{padding-top: 4% !important;padding-bottom: 4% !important;}&#8221; el_id=&#8221;blog&#8221;][vc_column][vc_row_inner][vc_column_inner][epic_block_22 compatible_column_notice=&#8221;&#8221; header_filter_tag=&#8221;1126,1128,1135,1148,1132,1138,1140,1150&#8243; header_filter_text=&#8221;ALL&#8221; number_post=&#8221;16&#8243; post_offset=&#8221;0&#8243; pagination_mode=&#8221;loadmore&#8221; pagination_number_post=&#8221;8&#8243; header_text_color=&#8221;#003969&#8243; header_accent_color=&#8221;#003969&#8243; title_color=&#8221;#003969&#8243; accent_color=&#8221;#00accd&#8221; alt_color=&#8221;#00accd&#8221; excerpt_color=&#8221;#eeee22&#8243;][\/vc_column_inner][\/vc_row_inner][\/vc_column][\/vc_row][vc_row full_width=&#8221;stretch_row&#8221; gap=&#8221;35&#8243; disable_element=&#8221;yes&#8221; css=&#8221;.vc_custom_1714135773768{padding-top: 4% !important;padding-right: 4% !important;padding-bottom: 4% !important;padding-left: 4% !important;background-color: #e8e8e8 !important;}&#8221;][vc_column][epic_block_37 compatible_column_notice=&#8221;&#8221; header_filter_tag=&#8221;1116,1071,1076,1096,1072,1078,1074&#8243; header_filter_text=&#8221;TODO&#8221; number_post=&#8221;6&#8243; post_offset=&#8221;0&#8243; include_tag=&#8221;1116,1071,1076,1096,1072,1078,1074&#8243; box_shadow=&#8221;&#8221; header_text_color=&#8221;#003969&#8243; header_accent_color=&#8221;#003969&#8243; title_color=&#8221;#003969&#8243; accent_color=&#8221;#00accd&#8221; alt_color=&#8221;#00accd&#8221;][\/vc_column][\/vc_row][vc_row disable_element=&#8221;yes&#8221; css=&#8221;.vc_custom_1714135781091{padding-top: 4% !important;padding-bottom: 4% !important;}&#8221;][vc_column][vc_row_inner][vc_column_inner][epic_block_15 compatible_column_notice=&#8221;&#8221; header_filter_tag=&#8221;1116,1071,1076,1096,1072,1078,1074&#8243; header_filter_text=&#8221;TODO&#8221; number_post=&#8221;6&#8243; post_offset=&#8221;0&#8243; include_tag=&#8221;1116,1071,1076,1096,1072,1078,1074&#8243; header_text_color=&#8221;#003969&#8243; header_accent_color=&#8221;#003969&#8243; accent_color=&#8221;#00accd&#8221; alt_color=&#8221;#00accd&#8221;][\/vc_column_inner][\/vc_row_inner][\/vc_column][\/vc_row]<\/p>\n","protected":false},"excerpt":{"rendered":"<p>[vc_row full_width=&#8221;stretch_row&#8221; gap=&#8221;35&#8243; content_placement=&#8221;middle&#8221; parallax=&#8221;enable_parallax&#8221; bg_position=&#8221;center center&#8221; bg_attachment=&#8221;fixed&#8221; enable_overlay=&#8221;yes&#8221; enable_loading_bg=&#8221;yes&#8221; css=&#8221;.vc_custom_1713440375325{padding-top: 175px !important;padding-bottom: 175px !important;background-image: url(https:\/\/grupoazvinews.com\/wp-content\/uploads\/2024\/04\/Actualidad-empresasb.jpg?id=11671) !important;background-position: center;background-repeat: no-repeat !important;background-size: cover !important;}&#8221; responsive_css=&#8221;padding_right_large:4em|padding_left_large:4em&#8221; el_id=&#8221;somos&#8221; overlay_bg=&#8221;rgba(0, 57, 105, 0.3)&#8221;][vc_column enable_content_animation=&#8221;yes&#8221; ca_init_scale_x=&#8221;1&#8243; ca_init_scale_y=&#8221;1&#8243; ca_init_opacity=&#8221;0&#8243; ca_an_scale_x=&#8221;1&#8243; ca_an_scale_y=&#8221;1&#8243; ca_an_opacity=&#8221;1&#8243; ca_duration=&#8221;1600&#8243; ca_start_delay=&#8221;600&#8243; ca_delay=&#8221;160&#8243; ca_init_translate_y=&#8221;50&#8243;][\/vc_column][\/vc_row][vc_row content_placement=&#8221;middle&#8221; disable_element=&#8221;yes&#8221; css=&#8221;.vc_custom_1712751442368{padding-top: 65px !important;padding-bottom: 30px !important;}&#8221; responsive_css=&#8221;padding_top_medium:100px|padding_bottom_medium:30px|padding_top_small:65px|padding_bottom_small:30px&#8221;][vc_column enable_content_animation=&#8221;yes&#8221; ca_init_scale_x=&#8221;1&#8243; ca_init_scale_y=&#8221;1&#8243; ca_init_opacity=&#8221;0&#8243; ca_an_scale_x=&#8221;1&#8243; ca_an_scale_y=&#8221;1&#8243; ca_an_opacity=&#8221;1&#8243; align=&#8221;text-center&#8221; [&hellip;]<\/p>\n","protected":false},"author":1,"featured_media":0,"parent":0,"menu_order":0,"comment_status":"closed","ping_status":"closed","template":"","meta":{"footnotes":""},"class_list":["post-15186","page","type-page","status-publish","hentry"],"yoast_head":"<!-- This site is optimized with the Yoast SEO plugin v27.0 - https:\/\/yoast.com\/product\/yoast-seo-wordpress\/ -->\n<title>#CompanyNews - NOTICIAS Grupo Azvi<\/title>\n<meta name=\"description\" content=\"Grupo Azvi es una empresa centenaria cuyos or\u00edgenes e historia han estado estrechamente vinculados al desarrollo de las infraestructuras de nuestro pa\u00eds. Hoy, se ha convertido en la empresa l\u00edder de un grupo internacional, innovador, diversificado y sostenible.\" \/>\n<meta name=\"robots\" content=\"index, follow, max-snippet:-1, max-image-preview:large, max-video-preview:-1\" \/>\n<link rel=\"canonical\" href=\"https:\/\/grupoazvinews.com\/en\/companynews\/\" \/>\n<meta property=\"og:locale\" content=\"en_US\" \/>\n<meta property=\"og:type\" content=\"article\" \/>\n<meta property=\"og:title\" content=\"#CompanyNews - NOTICIAS Grupo Azvi\" \/>\n<meta property=\"og:description\" content=\"Grupo Azvi es una empresa centenaria cuyos or\u00edgenes e historia han estado estrechamente vinculados al desarrollo de las infraestructuras de nuestro pa\u00eds. Hoy, se ha convertido en la empresa l\u00edder de un grupo internacional, innovador, diversificado y sostenible.\" \/>\n<meta property=\"og:url\" content=\"https:\/\/grupoazvinews.com\/en\/companynews\/\" \/>\n<meta property=\"og:site_name\" content=\"NOTICIAS Grupo Azvi\" \/>\n<meta property=\"article:modified_time\" content=\"2024-08-30T07:46:25+00:00\" \/>\n<meta property=\"og:image\" content=\"https:\/\/grupoazvinews.com\/wp-content\/uploads\/2023\/10\/Tramo-Peralta-Olite-de-la-LAV-Zaragoza-Pamplona.jpg\" \/>\n\t<meta property=\"og:image:width\" content=\"1920\" \/>\n\t<meta property=\"og:image:height\" content=\"1013\" \/>\n\t<meta property=\"og:image:type\" content=\"image\/jpeg\" \/>\n<meta name=\"twitter:card\" content=\"summary_large_image\" \/>\n<meta name=\"twitter:label1\" content=\"Est. reading time\" \/>\n\t<meta name=\"twitter:data1\" content=\"1 minute\" \/>\n<script type=\"application\/ld+json\" class=\"yoast-schema-graph\">{\"@context\":\"https:\/\/schema.org\",\"@graph\":[{\"@type\":\"WebPage\",\"@id\":\"https:\/\/grupoazvinews.com\/en\/companynews\/\",\"url\":\"https:\/\/grupoazvinews.com\/en\/companynews\/\",\"name\":\"#CompanyNews - NOTICIAS Grupo Azvi\",\"isPartOf\":{\"@id\":\"https:\/\/grupoazvinews.com\/en\/#website\"},\"datePublished\":\"2024-04-11T09:41:01+00:00\",\"dateModified\":\"2024-08-30T07:46:25+00:00\",\"description\":\"Grupo Azvi es una empresa centenaria cuyos or\u00edgenes e historia han estado estrechamente vinculados al desarrollo de las infraestructuras de nuestro pa\u00eds. Hoy, se ha convertido en la empresa l\u00edder de un grupo internacional, innovador, diversificado y sostenible.\",\"breadcrumb\":{\"@id\":\"https:\/\/grupoazvinews.com\/en\/companynews\/#breadcrumb\"},\"inLanguage\":\"en-US\",\"potentialAction\":[{\"@type\":\"ReadAction\",\"target\":[\"https:\/\/grupoazvinews.com\/en\/companynews\/\"]}]},{\"@type\":\"BreadcrumbList\",\"@id\":\"https:\/\/grupoazvinews.com\/en\/companynews\/#breadcrumb\",\"itemListElement\":[{\"@type\":\"ListItem\",\"position\":1,\"name\":\"Portada\",\"item\":\"https:\/\/grupoazvinews.com\/en\/\"},{\"@type\":\"ListItem\",\"position\":2,\"name\":\"#CompanyNews\"}]},{\"@type\":\"WebSite\",\"@id\":\"https:\/\/grupoazvinews.com\/en\/#website\",\"url\":\"https:\/\/grupoazvinews.com\/en\/\",\"name\":\"Grupo Azvi News\",\"description\":\"Grupo Azvi es una empresa centenaria cuyos or\u00edgenes e historia han estado estrechamente vinculados al desarrollo de las infraestructuras de nuestro pa\u00eds. Hoy, se ha convertido en la empresa l\u00edder de un grupo internacional, innovador, diversificado y sostenible.\",\"publisher\":{\"@id\":\"https:\/\/grupoazvinews.com\/en\/#organization\"},\"alternateName\":\"Blog de noticias del Grupo Azvi\",\"potentialAction\":[{\"@type\":\"SearchAction\",\"target\":{\"@type\":\"EntryPoint\",\"urlTemplate\":\"https:\/\/grupoazvinews.com\/en\/?s={search_term_string}\"},\"query-input\":{\"@type\":\"PropertyValueSpecification\",\"valueRequired\":true,\"valueName\":\"search_term_string\"}}],\"inLanguage\":\"en-US\"},{\"@type\":\"Organization\",\"@id\":\"https:\/\/grupoazvinews.com\/en\/#organization\",\"name\":\"Grupo Azvi\",\"alternateName\":\"Grupo Azvi\",\"url\":\"https:\/\/grupoazvinews.com\/en\/\",\"logo\":{\"@type\":\"ImageObject\",\"inLanguage\":\"en-US\",\"@id\":\"https:\/\/grupoazvinews.com\/en\/#\/schema\/logo\/image\/\",\"url\":\"https:\/\/grupoazvinews.com\/wp-content\/uploads\/2024\/04\/GrupoAzvi-2018-transp-1.png\",\"contentUrl\":\"https:\/\/grupoazvinews.com\/wp-content\/uploads\/2024\/04\/GrupoAzvi-2018-transp-1.png\",\"width\":1722,\"height\":486,\"caption\":\"Grupo Azvi\"},\"image\":{\"@id\":\"https:\/\/grupoazvinews.com\/en\/#\/schema\/logo\/image\/\"}}]}<\/script>\n<!-- \/ Yoast SEO plugin. -->","yoast_head_json":{"title":"#CompanyNews - NOTICIAS Grupo Azvi","description":"Grupo Azvi es una empresa centenaria cuyos or\u00edgenes e historia han estado estrechamente vinculados al desarrollo de las infraestructuras de nuestro pa\u00eds. Hoy, se ha convertido en la empresa l\u00edder de un grupo internacional, innovador, diversificado y sostenible.","robots":{"index":"index","follow":"follow","max-snippet":"max-snippet:-1","max-image-preview":"max-image-preview:large","max-video-preview":"max-video-preview:-1"},"canonical":"https:\/\/grupoazvinews.com\/en\/companynews\/","og_locale":"en_US","og_type":"article","og_title":"#CompanyNews - NOTICIAS Grupo Azvi","og_description":"Grupo Azvi es una empresa centenaria cuyos or\u00edgenes e historia han estado estrechamente vinculados al desarrollo de las infraestructuras de nuestro pa\u00eds. Hoy, se ha convertido en la empresa l\u00edder de un grupo internacional, innovador, diversificado y sostenible.","og_url":"https:\/\/grupoazvinews.com\/en\/companynews\/","og_site_name":"NOTICIAS Grupo Azvi","article_modified_time":"2024-08-30T07:46:25+00:00","og_image":[{"width":1920,"height":1013,"url":"https:\/\/grupoazvinews.com\/wp-content\/uploads\/2023\/10\/Tramo-Peralta-Olite-de-la-LAV-Zaragoza-Pamplona.jpg","type":"image\/jpeg"}],"twitter_card":"summary_large_image","twitter_misc":{"Est. reading time":"1 minute"},"schema":{"@context":"https:\/\/schema.org","@graph":[{"@type":"WebPage","@id":"https:\/\/grupoazvinews.com\/en\/companynews\/","url":"https:\/\/grupoazvinews.com\/en\/companynews\/","name":"#CompanyNews - NOTICIAS Grupo Azvi","isPartOf":{"@id":"https:\/\/grupoazvinews.com\/en\/#website"},"datePublished":"2024-04-11T09:41:01+00:00","dateModified":"2024-08-30T07:46:25+00:00","description":"Grupo Azvi es una empresa centenaria cuyos or\u00edgenes e historia han estado estrechamente vinculados al desarrollo de las infraestructuras de nuestro pa\u00eds. Hoy, se ha convertido en la empresa l\u00edder de un grupo internacional, innovador, diversificado y sostenible.","breadcrumb":{"@id":"https:\/\/grupoazvinews.com\/en\/companynews\/#breadcrumb"},"inLanguage":"en-US","potentialAction":[{"@type":"ReadAction","target":["https:\/\/grupoazvinews.com\/en\/companynews\/"]}]},{"@type":"BreadcrumbList","@id":"https:\/\/grupoazvinews.com\/en\/companynews\/#breadcrumb","itemListElement":[{"@type":"ListItem","position":1,"name":"Portada","item":"https:\/\/grupoazvinews.com\/en\/"},{"@type":"ListItem","position":2,"name":"#CompanyNews"}]},{"@type":"WebSite","@id":"https:\/\/grupoazvinews.com\/en\/#website","url":"https:\/\/grupoazvinews.com\/en\/","name":"Grupo Azvi News","description":"Grupo Azvi es una empresa centenaria cuyos or\u00edgenes e historia han estado estrechamente vinculados al desarrollo de las infraestructuras de nuestro pa\u00eds. Hoy, se ha convertido en la empresa l\u00edder de un grupo internacional, innovador, diversificado y sostenible.","publisher":{"@id":"https:\/\/grupoazvinews.com\/en\/#organization"},"alternateName":"Blog de noticias del Grupo Azvi","potentialAction":[{"@type":"SearchAction","target":{"@type":"EntryPoint","urlTemplate":"https:\/\/grupoazvinews.com\/en\/?s={search_term_string}"},"query-input":{"@type":"PropertyValueSpecification","valueRequired":true,"valueName":"search_term_string"}}],"inLanguage":"en-US"},{"@type":"Organization","@id":"https:\/\/grupoazvinews.com\/en\/#organization","name":"Grupo Azvi","alternateName":"Grupo Azvi","url":"https:\/\/grupoazvinews.com\/en\/","logo":{"@type":"ImageObject","inLanguage":"en-US","@id":"https:\/\/grupoazvinews.com\/en\/#\/schema\/logo\/image\/","url":"https:\/\/grupoazvinews.com\/wp-content\/uploads\/2024\/04\/GrupoAzvi-2018-transp-1.png","contentUrl":"https:\/\/grupoazvinews.com\/wp-content\/uploads\/2024\/04\/GrupoAzvi-2018-transp-1.png","width":1722,"height":486,"caption":"Grupo Azvi"},"image":{"@id":"https:\/\/grupoazvinews.com\/en\/#\/schema\/logo\/image\/"}}]}},"_links":{"self":[{"href":"https:\/\/grupoazvinews.com\/en\/wp-json\/wp\/v2\/pages\/15186","targetHints":{"allow":["GET"]}}],"collection":[{"href":"https:\/\/grupoazvinews.com\/en\/wp-json\/wp\/v2\/pages"}],"about":[{"href":"https:\/\/grupoazvinews.com\/en\/wp-json\/wp\/v2\/types\/page"}],"author":[{"embeddable":true,"href":"https:\/\/grupoazvinews.com\/en\/wp-json\/wp\/v2\/users\/1"}],"replies":[{"embeddable":true,"href":"https:\/\/grupoazvinews.com\/en\/wp-json\/wp\/v2\/comments?post=15186"}],"version-history":[{"count":5,"href":"https:\/\/grupoazvinews.com\/en\/wp-json\/wp\/v2\/pages\/15186\/revisions"}],"predecessor-version":[{"id":16637,"href":"https:\/\/grupoazvinews.com\/en\/wp-json\/wp\/v2\/pages\/15186\/revisions\/16637"}],"wp:attachment":[{"href":"https:\/\/grupoazvinews.com\/en\/wp-json\/wp\/v2\/media?parent=15186"}],"curies":[{"name":"wp","href":"https:\/\/api.w.org\/{rel}","templated":true}]}}