{"id":15210,"date":"2024-02-06T14:05:40","date_gmt":"2024-02-06T13:05:40","guid":{"rendered":"https:\/\/grupoazvinews.com\/politica-de-cookies\/"},"modified":"2024-07-01T13:04:12","modified_gmt":"2024-07-01T12:04:12","slug":"cookies-policy","status":"publish","type":"page","link":"https:\/\/grupoazvinews.com\/en\/cookies-policy\/","title":{"rendered":"Cookies policy"},"content":{"rendered":"<p>[vc_row full_width=&#8221;stretch_row&#8221; gap=&#8221;35&#8243; content_placement=&#8221;middle&#8221; parallax=&#8221;enable_parallax&#8221; bg_position=&#8221;center center&#8221; css=&#8221;.vc_custom_1707307214914{padding-top: 175px !important;padding-bottom: 175px !important;background-image: url(https:\/\/grupoazvinews.com\/wp-content\/uploads\/2024\/02\/AdobeStock_209112056.jpeg?id=10647) !important;background-position: center;background-repeat: no-repeat !important;background-size: cover !important;}&#8221; el_class=&#8221;z-index-2&#8243; responsive_css=&#8221;padding_right_large:4em|padding_left_large:4em&#8221;][vc_column responsive_css=&#8221;margin_bottom_medium:0px&#8221; css=&#8221;.vc_custom_1704900623655{margin-bottom: 20px !important;}&#8221;]<style>.ld_fancy_heading_69e7d0b804735 h2{color:rgb(255, 255, 255);}.ld_fancy_heading_69e7d0b804735 h2 {font-size:15vw; } @media (min-width: 768px) { .ld_fancy_heading_69e7d0b804735 h2 {font-size:100px; }  } @media (min-width: 992px) { .ld_fancy_heading_69e7d0b804735 h2 {font-size:120px; }  } @media (min-width: 1200px) { .ld_fancy_heading_69e7d0b804735 h2 {font-size:120px; }  } .ld_fancy_heading_69e7d0b804735 h2 {line-height:0.35em; } .ld_fancy_heading_69e7d0b804735 h2 {--element-line-height:0.35em; } .ld_fancy_heading_69e7d0b804735 h2 {letter-spacing:-0.04em; } .ld_fancy_heading_69e7d0b804735 h2 {margin-bottom:0px !important;  } .ld_fancy_heading_69e7d0b804735 .lqd-highlight-inner{height:0.275em!important;bottom:0px!important;}.ld_fancy_heading_69e7d0b804735 h2 {font-size:15vw; } @media (min-width: 768px) { .ld_fancy_heading_69e7d0b804735 h2 {font-size:100px; }  } @media (min-width: 992px) { .ld_fancy_heading_69e7d0b804735 h2 {font-size:120px; }  } @media (min-width: 1200px) { .ld_fancy_heading_69e7d0b804735 h2 {font-size:120px; }  } .ld_fancy_heading_69e7d0b804735 h2 {line-height:0.35em; } .ld_fancy_heading_69e7d0b804735 h2 {--element-line-height:0.35em; } .ld_fancy_heading_69e7d0b804735 h2 {letter-spacing:-0.04em; } .ld_fancy_heading_69e7d0b804735 h2 {margin-bottom:0px !important;  } <\/style><div class=\"ld-fancy-heading ld_fancy_heading_69e7d0b804735\">\n\t<h2 class=\"ld-fh-element lqd-highlight-underline lqd-highlight-grow-left text-decoration-default\"   >  Cookies policy<\/h2><\/div>[\/vc_column][\/vc_row][vc_row full_width=&#8221;stretch_row&#8221; gap=&#8221;35&#8243; full_height=&#8221;yes&#8221; equal_height=&#8221;yes&#8221; content_placement=&#8221;middle&#8221; disable_element=&#8221;yes&#8221; bg_attachment=&#8221;fixed&#8221; enable_overlay=&#8221;yes&#8221; enable_loading_bg=&#8221;yes&#8221; css=&#8221;.vc_custom_1704899998891{padding-top: 120px !important;padding-bottom: 120px !important;background-image: url(https:\/\/grupoazvinews.com\/wp-content\/uploads\/2023\/10\/20220708_180823_opt.jpg?id=8590) !important;background-position: center !important;background-repeat: no-repeat !important;background-size: cover !important;}&#8221; overlay_bg=&#8221;rgba(0, 34, 44, 0.43)&#8221; responsive_css=&#8221;padding_right_large:4em|padding_left_large:4em|padding_top_medium:80px|padding_bottom_medium:80px|padding_top_small:80px|padding_bottom_small:80px&#8221; el_id=&#8221;innovacion&#8221;][vc_column enable_content_animation=&#8221;yes&#8221; ca_init_scale_x=&#8221;1&#8243; ca_init_scale_y=&#8221;1&#8243; ca_init_opacity=&#8221;0&#8243; ca_an_scale_x=&#8221;1&#8243; ca_an_scale_y=&#8221;1&#8243; ca_an_opacity=&#8221;1&#8243; ca_duration=&#8221;1600&#8243; ca_start_delay=&#8221;600&#8243; ca_delay=&#8221;160&#8243; ca_init_translate_y=&#8221;50&#8243;]<style>.ld_fancy_heading_69e7d0b804f71 h2{color:rgb(255, 255, 255);}.ld_fancy_heading_69e7d0b804f71 h2 {font-size:22vw; } @media (min-width: 768px) { .ld_fancy_heading_69e7d0b804f71 h2 {font-size:100px; }  } @media (min-width: 992px) { .ld_fancy_heading_69e7d0b804f71 h2 {font-size:120px; }  } @media (min-width: 1200px) { .ld_fancy_heading_69e7d0b804f71 h2 {font-size:120px; }  } .ld_fancy_heading_69e7d0b804f71 h2 {line-height:0.95em; } .ld_fancy_heading_69e7d0b804f71 h2 {--element-line-height:0.95em; } .ld_fancy_heading_69e7d0b804f71 h2 {letter-spacing:-0.04em; } .ld_fancy_heading_69e7d0b804f71 h2 {margin-bottom:0px !important;  } .ld_fancy_heading_69e7d0b804f71 .lqd-highlight-inner{height:0.275em!important;bottom:0px!important;}.ld_fancy_heading_69e7d0b804f71 h2 {font-size:22vw; } @media (min-width: 768px) { .ld_fancy_heading_69e7d0b804f71 h2 {font-size:100px; }  } @media (min-width: 992px) { .ld_fancy_heading_69e7d0b804f71 h2 {font-size:120px; }  } @media (min-width: 1200px) { .ld_fancy_heading_69e7d0b804f71 h2 {font-size:120px; }  } .ld_fancy_heading_69e7d0b804f71 h2 {line-height:0.95em; } .ld_fancy_heading_69e7d0b804f71 h2 {--element-line-height:0.95em; } .ld_fancy_heading_69e7d0b804f71 h2 {letter-spacing:-0.04em; } .ld_fancy_heading_69e7d0b804f71 h2 {margin-bottom:0px !important;  } <\/style><div class=\"ld-fancy-heading ld_fancy_heading_69e7d0b804f71\">\n\t<h2 class=\"ld-fh-element lqd-highlight-underline lqd-highlight-grow-left text-decoration-default\"   >  Innovaci\u00f3n<\/h2><\/div>[\/vc_column][vc_column]<style>.ld_button_69e7d0b8054d5.btn-icon-solid .btn-icon{background:rgb(255, 255, 255);}.ld_button_69e7d0b8054d5.btn-icon-circle.btn-icon-ripple .btn-icon:before{border-color:rgb(255, 255, 255);}.ld_button_69e7d0b8054d5 .btn-icon{font-size:40px;width:152px !important;height:152px !important;}.ld_button_69e7d0b8054d5:hover .btn-icon{color:rgb(0, 57, 105);}.ld_button_69e7d0b8054d5.btn-icon-bordered:hover .btn-icon{border-color:rgb(255, 255, 255);background-color:rgb(255, 255, 255);}.ld_button_69e7d0b8054d5{color:rgb(255, 255, 255);}<\/style><a href=\"#\" class=\"btn btn-naked btn-icon-block btn-icon-custom-size btn-icon-circle btn-icon-bordered btn-icon-ripple btn-no-label ld_button_69e7d0b8054d5\" data-localscroll=\"true\" data-localscroll-options=\"{&quot;scrollBelowSection&quot;:true}\" >\n\t<span>\n\t\n\t\t\n\t<span class=\"btn-icon\"><i class=\"lqd-icn-ess icon-ion-ios-arrow-round-down\"><\/i><\/span>\t\t\t\t<\/span>\n<\/a>\n[\/vc_column][\/vc_row][vc_row gap=&#8221;35&#8243; responsive_css=&#8221;padding_top_large:40px|padding_bottom_large:40px|padding_top_medium:20px|padding_bottom_medium:20px&#8221; el_id=&#8221;idi&#8221; css=&#8221;.vc_custom_1705671226226{padding-top: 20px !important;padding-bottom: 20px !important;}&#8221;][vc_column scale_from_z=&#8221;1&#8243; scale_to_z=&#8221;1&#8243; align=&#8221;text-center&#8221; responsive_css=&#8221;padding_right_medium:6%25|padding_left_medium:6%25&#8243; css=&#8221;.vc_custom_1705671177908{margin-bottom: 65px !important;}&#8221; responsive_align=&#8221;text-center&#8221;]<style>.ld_fancy_heading_69e7d0b806674 p{color:rgb(0, 0, 0);}.ld_fancy_heading_69e7d0b806674 p {font-size:17px; } .ld_fancy_heading_69e7d0b806674 p {line-height:1.88em; } .ld_fancy_heading_69e7d0b806674 p {--element-line-height:1.88em; } .ld_fancy_heading_69e7d0b806674 p {margin-bottom:2em !important;  } .ld_fancy_heading_69e7d0b806674 .lqd-highlight-inner{height:0.275em!important;bottom:0px!important;}.ld_fancy_heading_69e7d0b806674 p {font-size:17px; } .ld_fancy_heading_69e7d0b806674 p {line-height:1.88em; } .ld_fancy_heading_69e7d0b806674 p {--element-line-height:1.88em; } .ld_fancy_heading_69e7d0b806674 p {margin-bottom:2em !important;  } <\/style><div class=\"ld-fancy-heading text-left ld_fancy_heading_69e7d0b806674\">\n\t<p class=\"ld-fh-element lqd-highlight-underline lqd-highlight-grow-left text-decoration-default\"   >  <strong>\u00bfQu\u00e9 son las cookies?<\/strong><\/p>\n<p>Una cookie es un peque\u00f1o fichero que se descarga en su terminal (ya sea un ordenador, tel\u00e9fono inteligente o tableta) cuando accede a una p\u00e1gina web y que permite al titular de la p\u00e1gina almacenar o recuperar informaci\u00f3n sobre aspectos de su navegaci\u00f3n.<\/p>\n<p>Desde Azvi\u00a0queremos ofrecerle la informaci\u00f3n necesaria sobre las cookies utilizadas en nuestro sitio web, para que usted tenga plena capacidad de decisi\u00f3n sobre el uso de las mismas y con respecto a la protecci\u00f3n de su privacidad.<\/p>\n<p><strong>Finalidad de las cookies en este sitio web<\/strong><\/p>\n<p>En este sitio web se utilizan cookies para facilitar la navegaci\u00f3n por su portal, por motivos de seguridad y para obtener una mayor eficacia y personalizaci\u00f3n de los servicios ofrecidos a los Usuarios.<\/p><\/div><style>.ld_fancy_heading_69e7d0b8075d3 p{color:rgb(0, 0, 0);}.ld_fancy_heading_69e7d0b8075d3 p {font-size:17px; } .ld_fancy_heading_69e7d0b8075d3 p {line-height:1.88em; } .ld_fancy_heading_69e7d0b8075d3 p {--element-line-height:1.88em; } .ld_fancy_heading_69e7d0b8075d3 p {margin-bottom:2em !important;  } .ld_fancy_heading_69e7d0b8075d3 .lqd-highlight-inner{height:0.275em!important;bottom:0px!important;}.ld_fancy_heading_69e7d0b8075d3 p {font-size:17px; } .ld_fancy_heading_69e7d0b8075d3 p {line-height:1.88em; } .ld_fancy_heading_69e7d0b8075d3 p {--element-line-height:1.88em; } .ld_fancy_heading_69e7d0b8075d3 p {margin-bottom:2em !important;  } <\/style><div class=\"ld-fancy-heading text-left ld_fancy_heading_69e7d0b8075d3\">\n\t<p class=\"ld-fh-element lqd-highlight-underline lqd-highlight-grow-left text-decoration-default\"   >  <strong>C\u00f3mo deshabilitar las cookies en los principales navegadores:<\/strong><\/p>\n<p>Los navegadores de Internet permiten visualizar, desactivar, restringir, bloquear o eliminar las cookies. A continuaci\u00f3n, se muestra c\u00f3mo puede configurar las cookies en los principales navegadores, si bien le recomendamos que consulte el Soporte o la Ayuda de su navegador para obtener informaci\u00f3n detallada y actualizada en funci\u00f3n de la versi\u00f3n de su navegador y el terminal utilizado.<\/p>\n<p><strong>Internet Explorer Versi\u00f3n 7 y 8<\/strong><\/p>\n<p><a href=\"http:\/\/windows.microsoft.com\/es-ES\/windows-vista\/Block-or-allow-cookies\">http:\/\/windows.microsoft.com\/es-ES\/windows-vista\/Block-or-allow-cookies<\/a><\/p>\n<p><strong>Internet Explorer Versi\u00f3n 9<\/strong><\/p>\n<p><a href=\"http:\/\/windows.microsoft.com\/es-ES\/windows7\/How-to-manage-cookies-in-Internet-Explorer-9\">http:\/\/windows.microsoft.com\/es-ES\/windows7\/How-to-manage-cookies-in-Internet-Explorer-9<\/a><\/p>\n<p><strong>Safari \u2122 (iPhone, iPad, Mac y otros dispositivos Apple)<\/strong><\/p>\n<p><a href=\"http:\/\/support.apple.com\/kb\/PH5042?viewlocale=es_ES%20http:\/\/support.apple.com\/kb\/HT1677?viewlocale=es_ES\">http:\/\/support.apple.com\/kb\/PH5042?viewlocale=es_ES http:\/\/support.apple.com\/kb\/HT1677?viewlocale=es_ES<\/a><\/p>\n<p><strong>Google\u2122<\/strong><br \/>\n<a href=\"https:\/\/support.google.com\/chrome\/answer\/95647?hl=es&amp;hlrm=en\">https:\/\/support.google.com\/chrome\/answer\/95647?hl=es&amp;hlrm=en<\/a><\/p>\n<p><strong>Firefox\u2122<\/strong><br \/>\n<a href=\"http:\/\/support.mozilla.org\/es\/kb\/cookies-informacion-que-los-sitios-web-guardan-en-?redirectlocale=en-US&amp;redirectslug=Cookies\">http:\/\/support.mozilla.org\/es\/kb\/cookies-informacion-que-los-sitios-web-guardan-en-?redirectlocale=en-US&amp;redirectslug=Cookies<\/a><\/p>\n<p><strong>Opera\u2122<\/strong><br \/>\n<a href=\"http:\/\/help.opera.com\/Windows\/11.50\/es-ES\/cookies.html\">http:\/\/help.opera.com\/Windows\/11.50\/es-ES\/cookies.html<\/a><\/p>\n<p><strong>Android<\/strong><br \/>\n<a href=\"http:\/\/support.google.com\/android\/?hl=es\">http:\/\/support.google.com\/android\/?hl=es<\/a><\/p>\n<p><strong>Windows Phone<\/strong><\/p>\n<p><a href=\"http:\/\/www.windowsphone.com\/es-ES\/how-to\/wp7\/web\/changing-privacy-and-other-browser-settings\">http:\/\/www.windowsphone.com\/es-ES\/how-to\/wp7\/web\/changing-privacy-and-other-browser-settings<\/a><\/p>\n<p><strong>Blackberry<\/strong><br \/>\n<a href=\"http:\/\/docs.blackberry.com\/en\/smartphone_users\/deliverables\/18578\/Turn_off_cookies_in_the_browser_60_1072866_11.jsp\">http:\/\/docs.blackberry.com\/en\/smartphone_users\/deliverables\/18578\/Turn_off_cookies_in_the_browser_60_1072866_11.jsp<\/a><\/p>\n<p>Asimismo, le informamos de que algunos navegadores permiten activar un modo privado o inc\u00f3gnito de navegaci\u00f3n en virtud del cual las cookies se instalan en el terminal pero se eliminan de manera autom\u00e1tica cuando finaliza la sesi\u00f3n de navegaci\u00f3n.<\/p><\/div>[\/vc_column][\/vc_row]<\/p>\n","protected":false},"excerpt":{"rendered":"<p>[vc_row full_width=&#8221;stretch_row&#8221; gap=&#8221;35&#8243; content_placement=&#8221;middle&#8221; parallax=&#8221;enable_parallax&#8221; bg_position=&#8221;center center&#8221; css=&#8221;.vc_custom_1707307214914{padding-top: 175px !important;padding-bottom: 175px !important;background-image: url(https:\/\/grupoazvinews.com\/wp-content\/uploads\/2024\/02\/AdobeStock_209112056.jpeg?id=10647) !important;background-position: center;background-repeat: no-repeat !important;background-size: cover !important;}&#8221; el_class=&#8221;z-index-2&#8243; responsive_css=&#8221;padding_right_large:4em|padding_left_large:4em&#8221;][vc_column responsive_css=&#8221;margin_bottom_medium:0px&#8221; css=&#8221;.vc_custom_1704900623655{margin-bottom: 20px !important;}&#8221;][\/vc_column][\/vc_row][vc_row full_width=&#8221;stretch_row&#8221; gap=&#8221;35&#8243; full_height=&#8221;yes&#8221; equal_height=&#8221;yes&#8221; content_placement=&#8221;middle&#8221; disable_element=&#8221;yes&#8221; bg_attachment=&#8221;fixed&#8221; enable_overlay=&#8221;yes&#8221; enable_loading_bg=&#8221;yes&#8221; css=&#8221;.vc_custom_1704899998891{padding-top: 120px !important;padding-bottom: 120px !important;background-image: url(https:\/\/grupoazvinews.com\/wp-content\/uploads\/2023\/10\/20220708_180823_opt.jpg?id=8590) !important;background-position: center !important;background-repeat: no-repeat !important;background-size: cover !important;}&#8221; overlay_bg=&#8221;rgba(0, 34, 44, 0.43)&#8221; responsive_css=&#8221;padding_right_large:4em|padding_left_large:4em|padding_top_medium:80px|padding_bottom_medium:80px|padding_top_small:80px|padding_bottom_small:80px&#8221; el_id=&#8221;innovacion&#8221;][vc_column enable_content_animation=&#8221;yes&#8221; ca_init_scale_x=&#8221;1&#8243; [&hellip;]<\/p>\n","protected":false},"author":1,"featured_media":0,"parent":0,"menu_order":0,"comment_status":"closed","ping_status":"closed","template":"","meta":{"footnotes":""},"class_list":["post-15210","page","type-page","status-publish","hentry"],"yoast_head":"<!-- This site is optimized with the Yoast SEO plugin v27.0 - https:\/\/yoast.com\/product\/yoast-seo-wordpress\/ -->\n<title>Cookies policy - NOTICIAS Grupo Azvi<\/title>\n<meta name=\"description\" content=\"Grupo Azvi es una empresa centenaria cuyos or\u00edgenes e historia han estado estrechamente vinculados al desarrollo de las infraestructuras de nuestro pa\u00eds. Hoy, se ha convertido en la empresa l\u00edder de un grupo internacional, innovador, diversificado y sostenible.\" \/>\n<meta name=\"robots\" content=\"index, follow, max-snippet:-1, max-image-preview:large, max-video-preview:-1\" \/>\n<link rel=\"canonical\" href=\"https:\/\/grupoazvinews.com\/en\/cookies-policy\/\" \/>\n<meta property=\"og:locale\" content=\"en_US\" \/>\n<meta property=\"og:type\" content=\"article\" \/>\n<meta property=\"og:title\" content=\"Cookies policy - NOTICIAS Grupo Azvi\" \/>\n<meta property=\"og:description\" content=\"Grupo Azvi es una empresa centenaria cuyos or\u00edgenes e historia han estado estrechamente vinculados al desarrollo de las infraestructuras de nuestro pa\u00eds. Hoy, se ha convertido en la empresa l\u00edder de un grupo internacional, innovador, diversificado y sostenible.\" \/>\n<meta property=\"og:url\" content=\"https:\/\/grupoazvinews.com\/en\/cookies-policy\/\" \/>\n<meta property=\"og:site_name\" content=\"NOTICIAS Grupo Azvi\" \/>\n<meta property=\"article:modified_time\" content=\"2024-07-01T12:04:12+00:00\" \/>\n<meta property=\"og:image\" content=\"https:\/\/grupoazvinews.com\/wp-content\/uploads\/2023\/10\/Tramo-Peralta-Olite-de-la-LAV-Zaragoza-Pamplona.jpg\" \/>\n\t<meta property=\"og:image:width\" content=\"1920\" \/>\n\t<meta property=\"og:image:height\" content=\"1013\" \/>\n\t<meta property=\"og:image:type\" content=\"image\/jpeg\" \/>\n<meta name=\"twitter:card\" content=\"summary_large_image\" \/>\n<meta name=\"twitter:label1\" content=\"Est. reading time\" \/>\n\t<meta name=\"twitter:data1\" content=\"4 minutes\" \/>\n<script type=\"application\/ld+json\" class=\"yoast-schema-graph\">{\"@context\":\"https:\/\/schema.org\",\"@graph\":[{\"@type\":\"WebPage\",\"@id\":\"https:\/\/grupoazvinews.com\/en\/cookies-policy\/\",\"url\":\"https:\/\/grupoazvinews.com\/en\/cookies-policy\/\",\"name\":\"Cookies policy - NOTICIAS Grupo Azvi\",\"isPartOf\":{\"@id\":\"https:\/\/grupoazvinews.com\/en\/#website\"},\"datePublished\":\"2024-02-06T13:05:40+00:00\",\"dateModified\":\"2024-07-01T12:04:12+00:00\",\"description\":\"Grupo Azvi es una empresa centenaria cuyos or\u00edgenes e historia han estado estrechamente vinculados al desarrollo de las infraestructuras de nuestro pa\u00eds. Hoy, se ha convertido en la empresa l\u00edder de un grupo internacional, innovador, diversificado y sostenible.\",\"breadcrumb\":{\"@id\":\"https:\/\/grupoazvinews.com\/en\/cookies-policy\/#breadcrumb\"},\"inLanguage\":\"en-US\",\"potentialAction\":[{\"@type\":\"ReadAction\",\"target\":[\"https:\/\/grupoazvinews.com\/en\/cookies-policy\/\"]}]},{\"@type\":\"BreadcrumbList\",\"@id\":\"https:\/\/grupoazvinews.com\/en\/cookies-policy\/#breadcrumb\",\"itemListElement\":[{\"@type\":\"ListItem\",\"position\":1,\"name\":\"Portada\",\"item\":\"https:\/\/grupoazvinews.com\/en\/\"},{\"@type\":\"ListItem\",\"position\":2,\"name\":\"Cookies policy\"}]},{\"@type\":\"WebSite\",\"@id\":\"https:\/\/grupoazvinews.com\/en\/#website\",\"url\":\"https:\/\/grupoazvinews.com\/en\/\",\"name\":\"Grupo Azvi News\",\"description\":\"Grupo Azvi es una empresa centenaria cuyos or\u00edgenes e historia han estado estrechamente vinculados al desarrollo de las infraestructuras de nuestro pa\u00eds. Hoy, se ha convertido en la empresa l\u00edder de un grupo internacional, innovador, diversificado y sostenible.\",\"publisher\":{\"@id\":\"https:\/\/grupoazvinews.com\/en\/#organization\"},\"alternateName\":\"Blog de noticias del Grupo Azvi\",\"potentialAction\":[{\"@type\":\"SearchAction\",\"target\":{\"@type\":\"EntryPoint\",\"urlTemplate\":\"https:\/\/grupoazvinews.com\/en\/?s={search_term_string}\"},\"query-input\":{\"@type\":\"PropertyValueSpecification\",\"valueRequired\":true,\"valueName\":\"search_term_string\"}}],\"inLanguage\":\"en-US\"},{\"@type\":\"Organization\",\"@id\":\"https:\/\/grupoazvinews.com\/en\/#organization\",\"name\":\"Grupo Azvi\",\"alternateName\":\"Grupo Azvi\",\"url\":\"https:\/\/grupoazvinews.com\/en\/\",\"logo\":{\"@type\":\"ImageObject\",\"inLanguage\":\"en-US\",\"@id\":\"https:\/\/grupoazvinews.com\/en\/#\/schema\/logo\/image\/\",\"url\":\"https:\/\/grupoazvinews.com\/wp-content\/uploads\/2024\/04\/GrupoAzvi-2018-transp-1.png\",\"contentUrl\":\"https:\/\/grupoazvinews.com\/wp-content\/uploads\/2024\/04\/GrupoAzvi-2018-transp-1.png\",\"width\":1722,\"height\":486,\"caption\":\"Grupo Azvi\"},\"image\":{\"@id\":\"https:\/\/grupoazvinews.com\/en\/#\/schema\/logo\/image\/\"}}]}<\/script>\n<!-- \/ Yoast SEO plugin. -->","yoast_head_json":{"title":"Cookies policy - NOTICIAS Grupo Azvi","description":"Grupo Azvi es una empresa centenaria cuyos or\u00edgenes e historia han estado estrechamente vinculados al desarrollo de las infraestructuras de nuestro pa\u00eds. Hoy, se ha convertido en la empresa l\u00edder de un grupo internacional, innovador, diversificado y sostenible.","robots":{"index":"index","follow":"follow","max-snippet":"max-snippet:-1","max-image-preview":"max-image-preview:large","max-video-preview":"max-video-preview:-1"},"canonical":"https:\/\/grupoazvinews.com\/en\/cookies-policy\/","og_locale":"en_US","og_type":"article","og_title":"Cookies policy - NOTICIAS Grupo Azvi","og_description":"Grupo Azvi es una empresa centenaria cuyos or\u00edgenes e historia han estado estrechamente vinculados al desarrollo de las infraestructuras de nuestro pa\u00eds. Hoy, se ha convertido en la empresa l\u00edder de un grupo internacional, innovador, diversificado y sostenible.","og_url":"https:\/\/grupoazvinews.com\/en\/cookies-policy\/","og_site_name":"NOTICIAS Grupo Azvi","article_modified_time":"2024-07-01T12:04:12+00:00","og_image":[{"width":1920,"height":1013,"url":"https:\/\/grupoazvinews.com\/wp-content\/uploads\/2023\/10\/Tramo-Peralta-Olite-de-la-LAV-Zaragoza-Pamplona.jpg","type":"image\/jpeg"}],"twitter_card":"summary_large_image","twitter_misc":{"Est. reading time":"4 minutes"},"schema":{"@context":"https:\/\/schema.org","@graph":[{"@type":"WebPage","@id":"https:\/\/grupoazvinews.com\/en\/cookies-policy\/","url":"https:\/\/grupoazvinews.com\/en\/cookies-policy\/","name":"Cookies policy - NOTICIAS Grupo Azvi","isPartOf":{"@id":"https:\/\/grupoazvinews.com\/en\/#website"},"datePublished":"2024-02-06T13:05:40+00:00","dateModified":"2024-07-01T12:04:12+00:00","description":"Grupo Azvi es una empresa centenaria cuyos or\u00edgenes e historia han estado estrechamente vinculados al desarrollo de las infraestructuras de nuestro pa\u00eds. Hoy, se ha convertido en la empresa l\u00edder de un grupo internacional, innovador, diversificado y sostenible.","breadcrumb":{"@id":"https:\/\/grupoazvinews.com\/en\/cookies-policy\/#breadcrumb"},"inLanguage":"en-US","potentialAction":[{"@type":"ReadAction","target":["https:\/\/grupoazvinews.com\/en\/cookies-policy\/"]}]},{"@type":"BreadcrumbList","@id":"https:\/\/grupoazvinews.com\/en\/cookies-policy\/#breadcrumb","itemListElement":[{"@type":"ListItem","position":1,"name":"Portada","item":"https:\/\/grupoazvinews.com\/en\/"},{"@type":"ListItem","position":2,"name":"Cookies policy"}]},{"@type":"WebSite","@id":"https:\/\/grupoazvinews.com\/en\/#website","url":"https:\/\/grupoazvinews.com\/en\/","name":"Grupo Azvi News","description":"Grupo Azvi es una empresa centenaria cuyos or\u00edgenes e historia han estado estrechamente vinculados al desarrollo de las infraestructuras de nuestro pa\u00eds. Hoy, se ha convertido en la empresa l\u00edder de un grupo internacional, innovador, diversificado y sostenible.","publisher":{"@id":"https:\/\/grupoazvinews.com\/en\/#organization"},"alternateName":"Blog de noticias del Grupo Azvi","potentialAction":[{"@type":"SearchAction","target":{"@type":"EntryPoint","urlTemplate":"https:\/\/grupoazvinews.com\/en\/?s={search_term_string}"},"query-input":{"@type":"PropertyValueSpecification","valueRequired":true,"valueName":"search_term_string"}}],"inLanguage":"en-US"},{"@type":"Organization","@id":"https:\/\/grupoazvinews.com\/en\/#organization","name":"Grupo Azvi","alternateName":"Grupo Azvi","url":"https:\/\/grupoazvinews.com\/en\/","logo":{"@type":"ImageObject","inLanguage":"en-US","@id":"https:\/\/grupoazvinews.com\/en\/#\/schema\/logo\/image\/","url":"https:\/\/grupoazvinews.com\/wp-content\/uploads\/2024\/04\/GrupoAzvi-2018-transp-1.png","contentUrl":"https:\/\/grupoazvinews.com\/wp-content\/uploads\/2024\/04\/GrupoAzvi-2018-transp-1.png","width":1722,"height":486,"caption":"Grupo Azvi"},"image":{"@id":"https:\/\/grupoazvinews.com\/en\/#\/schema\/logo\/image\/"}}]}},"_links":{"self":[{"href":"https:\/\/grupoazvinews.com\/en\/wp-json\/wp\/v2\/pages\/15210","targetHints":{"allow":["GET"]}}],"collection":[{"href":"https:\/\/grupoazvinews.com\/en\/wp-json\/wp\/v2\/pages"}],"about":[{"href":"https:\/\/grupoazvinews.com\/en\/wp-json\/wp\/v2\/types\/page"}],"author":[{"embeddable":true,"href":"https:\/\/grupoazvinews.com\/en\/wp-json\/wp\/v2\/users\/1"}],"replies":[{"embeddable":true,"href":"https:\/\/grupoazvinews.com\/en\/wp-json\/wp\/v2\/comments?post=15210"}],"version-history":[{"count":1,"href":"https:\/\/grupoazvinews.com\/en\/wp-json\/wp\/v2\/pages\/15210\/revisions"}],"predecessor-version":[{"id":15533,"href":"https:\/\/grupoazvinews.com\/en\/wp-json\/wp\/v2\/pages\/15210\/revisions\/15533"}],"wp:attachment":[{"href":"https:\/\/grupoazvinews.com\/en\/wp-json\/wp\/v2\/media?parent=15210"}],"curies":[{"name":"wp","href":"https:\/\/api.w.org\/{rel}","templated":true}]}}